{"id":901,"date":"2021-04-08T14:23:32","date_gmt":"2021-04-08T12:23:32","guid":{"rendered":"https:\/\/darkgoldenrod-crane-491270.hostingersite.com\/politica-de-privacidad\/"},"modified":"2025-08-11T12:42:13","modified_gmt":"2025-08-11T10:42:13","slug":"politica-de-privacidad","status":"publish","type":"page","link":"https:\/\/evasbeleaf.com\/en\/politica-de-privacidad\/","title":{"rendered":"Privacy policy"},"content":{"rendered":"\n<p>Le pedimos que lea con atenci\u00f3n la presente Pol\u00edtica de Privacidad, en la que se describe el uso que hacemos de los datos que usted nos facilita, de acuerdo siempre a lo exigido en el <strong>REGLAMENTO (UE) 2016\/679 DEL PARLAMENTO EUROPEO Y DEL CONSEJO de 27 de abril de 2016 (RGPD), en la ley Org\u00e1nica 3\/2018, de 5 de diciembre, de Protecci\u00f3n de Datos Personales y Garant\u00eda de los Derechos Digitales<\/strong> y resto de normativa concordante que pueda ser de aplicaci\u00f3n. Nuestro objetivo es la transparencia en la informaci\u00f3n facilitada para su adecuada comprensi\u00f3n por usted como usuario. No obstante, si despu\u00e9s de leerla le queda alg\u00fan tipo de duda siempre puede dirigirse a nosotros a trav\u00e9s de cualquiera de los canales de comunicaci\u00f3n puestos a su disposici\u00f3n y se la aclararemos.<\/p>\n\n<p><strong>I.- RESPONSABLE DEL TRATAMIENTO<\/strong><\/p>\n\n<p>Datos de contacto del responsable: <strong>ROSA EVA MART\u00cdN<\/strong> (en adelante <strong>ROSA EVA MART\u00cdN <\/strong>el responsable del tratamiento o simplemente el responsable) con 13931180B, y con domicilio a efecto de notificaciones la CARTAGENA, 215, 08013 BARCELONA.<\/p>\n\n<p>Datos de contacto en Protecci\u00f3n de Datos: puede contactar en la Cartagena, 215, 08013 Barcelona postal antes se\u00f1alada y\/o a trav\u00e9s de correo electr\u00f3nico: <a href=\"mailto:consultas@estheradanpsicologia.com\">eva@evasbeleaf.com<\/a>.<\/p>\n\n<p><strong>II.- PRINCIPIOS CONFORME AL REGLAMENTO GENERAL DE PROTECCI\u00d3N DE DATOS<\/strong><\/p>\n\n<p>Nos comprometemos a tratar los datos personales (en adelante los \u201cdatos\u201d) facilitados conforme a los siguientes principios recogidos en el Reglamento General de Protecci\u00f3n de Datos (RGPD):<\/p>\n\n<p><strong>-Legalidad:<\/strong> solo recopilaremos sus Datos personales para fines espec\u00edficos, expl\u00edcitos y leg\u00edtimos, y no procesaremos sus datos personales de manera incompatible con los mencionados prop\u00f3sitos.<\/p>\n\n<p><strong>-Licitud:<\/strong> conforme al art\u00edculo 6 del Reglamento General de Protecci\u00f3n de Datos sus datos personales ser\u00e1n gestionados siempre que usted manifieste su consentimiento expreso para el tratamiento de dichos datos como forma de externalizaci\u00f3n de su voluntad y consentimiento\u00a0\u00a0 libre\u00a0\u00a0 e\u00a0\u00a0 informado.\u00a0 Sus\u00a0\u00a0 datos\u00a0\u00a0 personales\u00a0\u00a0 podr\u00e1n\u00a0\u00a0 ser necesarios para formalizar un contrato, acuerdo o servicio, en el que el interesado es parte, para dar cumplimiento a obligaciones legales,\u00a0 para proteger intereses vitales del interesado y otra persona f\u00edsica, para cumplir con una misi\u00f3n de inter\u00e9s p\u00fablico o en el ejercicio de poderes p\u00fablicos conferidos al responsable del tratamiento o que satisfaga los intereses leg\u00edtimos perseguidos por el responsable del tratamiento cuando estos no vulnere n\u00a0\u00a0 los derechos y libertades fundamentales del interesado\u00a0 ni la\u00a0\u00a0 protecci\u00f3n de datos personales del interesado.<\/p>\n\n<p><strong>-Lealtad y transparencia:<\/strong> conforme al art\u00edculo 5 del Reglamento General de Protecci\u00f3n de Datos como manifestaci\u00f3n de la transparencia y que prueba de ellos es que se informa al interesado de la existencia de la operaci\u00f3n de tratamiento y sus fines.<\/p>\n\n<p><strong>-Minimizaci\u00f3n de datos:<\/strong> limitamos la recogida de datos de car\u00e1cter personal a lo estrictamente relevante y necesario para los fines para los que se han recopilado.<\/p>\n\n<p><strong>-Limitaci\u00f3n de la Finalidad:<\/strong> solo recogeremos sus datos personales para fines espec\u00edficos, expl\u00edcitos y leg\u00edtimos, y que mantenemos en la forma de procesarlos.<\/p>\n\n<p><strong>-Precisi\u00f3n:<\/strong> mantendremos sus datos personales exactos y actualizados.<\/p>\n\n<p>&#8211;<strong>Seguridad de los Datos:<\/strong> aplicamos las medidas t\u00e9cnicas y organizativas adecuadas para garantizar el nivel adecuado de seguridad atendiendo a los riesgos y naturaleza de los datos con la finalidad de prevenir que estos sean divulgados o que personal no\u200b autorizado acceda a estos, o ante cualquier p\u00e9rdida o alteraci\u00f3n. En definitiva, cualquier forma de tratamiento il\u00edcito.<\/p>\n\n<p>&#8211;<strong>Derechos de acceso, rectificaci\u00f3n, oposici\u00f3n, supresi\u00f3n, limitaci\u00f3n del tratamiento, portabilidad y de no ser objeto de decisiones individualizadas:<\/strong> Cualquier persona que, habiendo generado su consentimiento para la recogida de datos, desee solicitar cualquier gesti\u00f3n sobre el tratamiento, se le reconocen dichos derechos. Su ejercicio ser\u00e1 gratuito y dicha solicitud se corregir\u00e1 en el plazo de un mes a prorrogar por otros dos meses atendiendo a circunstancias excepcionales como, por ejemplo, el n\u00famero de solicitudes, complejidad, u otras de naturaleza similar.<\/p>\n\n<p>&#8211;<strong>Principio de limitaci\u00f3n del plazo de conservaci\u00f3n<\/strong>: los datos ser\u00e1n mantenidos durante el tiempo necesario y para los fines del tratamiento sin dilaciones indebidas, y durante la cual, la propia de los usuarios y clientes estar\u00e1 a disposici\u00f3n de estos cuando la soliciten.<\/p>\n\n<p><strong>III.- CONSENTIMIENTO DEL USUARIO<\/strong><\/p>\n\n<p>La cumplimentaci\u00f3n de nuestros formularios de contacto, previa aceptaci\u00f3n de la presente Pol\u00edtica de Privacidad supone el consentimiento inequ\u00edvoco, por parte del usuario, al tratamiento automatizado de los datos de acuerdo con las condiciones de privacidad de la Web. Tambi\u00e9n se entender\u00e1 otorgado el consentimiento en caso de que el usuario escriba directamente a trav\u00e9s de otros canales puestos a su disposici\u00f3n en el sitio web, teniendo la consideraci\u00f3n de acto claro y afirmativo en lo que respecta a dicho consentimiento. Los datos recabados en todos los casos son los m\u00ednimos imprescindibles para poder dar respuesta a una solicitud de informaci\u00f3n en relaci\u00f3n con alguna de las terapias ofrecidas por el Responsable.<\/p>\n\n<p>En esta primera solicitud de informaci\u00f3n no se recabar\u00e1n datos de categor\u00eda especial, que s\u00ed ser\u00e1n necesarios para la prestaci\u00f3n de la terapia de que se trate en cada caso.<\/p>\n\n<p>Por tanto, en todo momento los datos que se soliciten ser\u00e1n los adecuados, pertinentes y no excesivos en relaci\u00f3n con el \u00e1mbito y las finalidades concretas. No obstante, lo anterior, dicho consentimiento podr\u00e1 ser revocado en cualquier momento por el interesado, d\u00e1ndose de baja por cualquiera de los medios puestos a disposici\u00f3n del usuario.<\/p>\n\n<p><strong>IV.- FINALIDADES DEL TRATAMIENTO DE DATOS<\/strong><\/p>\n\n<p>Esto es, el uso que se dar\u00e1 a los datos que ser\u00e1n objeto de tratamiento:<\/p>\n\n<p>-Dar respuesta a las solicitudes de informaci\u00f3n del usuario a trav\u00e9s del sitio web en relaci\u00f3n con cualquiera de las terapias, forma de trabajo, precios,\u2026.<\/p>\n\n<p>-Para la gesti\u00f3n, administraci\u00f3n, facturaci\u00f3n, informaci\u00f3n y prestaci\u00f3n del servicio.<\/p>\n\n<p>-Debido a la naturaleza de los servicios que presta la Responsable, es necesario realizar seguimiento, que variar\u00e1 en funci\u00f3n de cada caso.<\/p>\n\n<p><strong>V.- PLAZO DE CONSERVACI\u00d3N DE LOS DATOS<\/strong><\/p>\n\n<p>Los datos se conservar\u00e1n durante el plazo imprescindible para la finalidad concreta, bien sea facilitar informaci\u00f3n al usuario, o bien, en un momento posterior, para la terapia que en cada caso se contrate. Una vez que los datos dejaran de ser necesarios para la finalidad para la que fueron recabados, y no se cuente con el consentimiento del usuario para su conservaci\u00f3n, esto es, bien facilitada la informaci\u00f3n solicitada por el usuario y no contratado le servicio, bien una vez que, habiendo ido a terapia el paciente, cesen los servicios, por el motivo que sea (finalizaci\u00f3n de la terapia, baja voluntaria, etc\u2026), mantendremos sus datos bloqueados durante los plazos de prescripci\u00f3n de las obligaciones que hayan podido nacer del tratamiento y\/o los plazos legales aplicables, quedando a disposici\u00f3n de las autoridades competentes, para la atenci\u00f3n de las posibles responsabilidades nacidas del tratamiento.<\/p>\n\n<p>Se entiende por bloqueo de los datos, conforme al art\u00edculo 17.3 RGPD, el derecho de \u201cretenci\u00f3n\u201d como excepci\u00f3n a la obligaci\u00f3n de supresi\u00f3n. Ello significa que los datos no ser\u00e1n utilizados ni ser\u00e1n accesibles para nadie, y que solo ser\u00e1n utilizados para el caso de que exista alg\u00fan requerimiento de tipo legal o de reclamaci\u00f3n de responsabilidades con relaci\u00f3n a los mismos. Pasado el per\u00edodo de prescripci\u00f3n legal en cada caso s\u00ed se proceder\u00e1 a su eliminaci\u00f3n definitiva.<\/p>\n\n<p><strong>VI.- LEGITIMACI\u00d3N<\/strong><\/p>\n\n<p>Tratamos tus datos sobre la base jur\u00eddica de su consentimiento, incluidos los datos de categor\u00eda especial que puedan ser necesarios recabar para la terapia, si esta se contrata. En todo caso, tendr\u00e1 plenos derechos sobre sus datos personales y sobre el uso de estos y podr\u00e1 ejercitarlos en cualquier momento.<\/p>\n\n<p>El env\u00edo de datos de car\u00e1cter personal es obligatorio para contactar y poder atender la petici\u00f3n que nos haga llegar. Asimismo, el no facilitar los datos personales solicitados o el no aceptar la presente pol\u00edtica de privacidad supone la imposibilidad de procesar las solicitudes realizadas en esta web.<\/p>\n\n<p><strong>VII.- DESTINATARIOS<\/strong><\/p>\n\n<p><strong>ROSA EVA MART\u00cdN<\/strong> no ceder\u00e1 sus datos en ning\u00fan caso, excepto a Organismos P\u00fablicos competentes, Agencia Tributaria, Fuerzas y Cuerpos de Seguridad del Estado, Jueces y Tribunales, cuando tenga la obligaci\u00f3n legal de facilitarlos.<\/p>\n\n<p><strong>VIII.- DERECHOS DE PROTECCI\u00d3N DE DATOS<\/strong><\/p>\n\n<p>En cuanto a la forma en la que podr\u00e1 ejercer sus derechos de acceso, rectificaci\u00f3n, oposici\u00f3n, supresi\u00f3n, limitaci\u00f3n del tratamiento y portabilidad, le informamos que podr\u00e1 hacerlo dirigi\u00e9ndose por escrito al <strong>Responsable<\/strong> en el domicilio indicado anteriormente o a la\u00a0\u00a0 Cartagena, 215, 08013 Barcelona de correo electr\u00f3nico: <a href=\"mailto:consultas@estheradanpsicologia.com\">eva@evasbeleaf.com<\/a>.<\/p>\n\n<p>Le recordamos asimismo que, en caso de ser cliente, puede revocar su consentimiento u oponerse al env\u00edo de comunicaciones comerciales por cualquier v\u00eda y en cualquier momento, remitiendo un correo electr\u00f3nico a la Cartagena, 215, 08013 Barcelona antedicha.<\/p>\n\n<p>Si considera que su solicitud no se ha atendido correctamente o sus datos no se est\u00e1n tratando de modo adecuado puede dirigir sus reclamaciones a la Agencia Espa\u00f1ola de Protecci\u00f3n de Datos, organismo de control de la materia en Espa\u00f1a.<\/p>\n\n<p><strong>A)-DERECHO DE ACCESO<\/strong><\/p>\n\n<p>El art\u00edculo 15 del Reglamento General de Protecci\u00f3n de Datos reconoce el derecho del interesado a conocer si sus datos personales se est\u00e1n tratando o no y los fines del tratamiento, las categor\u00edas de datos, los destinatarios, el origen de los datos, el plazo de conservaci\u00f3n y los criterios para determinar dicho plazo.<\/p>\n\n<p>As\u00ed, el responsable del tratamiento facilitar\u00e1 copia de los datos personales objeto de tratamiento mediante formato electr\u00f3nico previa presentaci\u00f3n de la solicitud. Igualmente podr\u00e1n solicitar al responsable la rectificaci\u00f3n, supresi\u00f3n o limitaci\u00f3n de datos y de tratamiento.<\/p>\n\n<p>A fin de facilitarle al usuario el ejercicio de dicho derecho le proporcionamos a trav\u00e9s del siguiente link el formulario que deber\u00e1 cumplimentar para su solicitud:<\/p>\n\n<figure class=\"wp-block-embed\"><div class=\"wp-block-embed__wrapper\">\r\nhttps:\/\/www.aepd.es\/media\/formularios\/formulario-derecho-de-acceso.pdf\r\n<\/div><\/figure><br>\n\n<p><strong>B)-DERECHO DE RECTIFICACION Y SUPRESI\u00d3N<\/strong><\/p>\n\n<p>Los art\u00edculos 16 y 17 del Reglamento General de Protecci\u00f3n de Datos establecen en materia de rectificaci\u00f3n y supresi\u00f3n de los datos personales que el cliente o usuario solicite la rectificaci\u00f3n de sus datos personales por considerar estos inexactos o a que estos se completen o eliminen por no ser necesarios para los fines que fueron recogidos y tratados.<\/p>\n\n<p>A fin de facilitarle al usuario el ejercicio de dicho derecho le proporcionamos a trav\u00e9s del siguiente link el formulario que deber\u00e1 cumplimentar para su solicitud:<\/p>\n\n<figure class=\"wp-block-embed\"><div class=\"wp-block-embed__wrapper\">\r\nhttps:\/\/www.aepd.es\/media\/formularios\/formulario-derecho-de-rectificacion.pdf\r\n<\/div><\/figure><br>\n\n<figure class=\"wp-block-embed\"><div class=\"wp-block-embed__wrapper\">\r\nhttps:\/\/www.aepd.es\/media\/formularios\/formulario-derecho-de-supresion.pdf\r\n<\/div><\/figure><br>\n\n<p><strong>C)-DERECHO A LA LIMITACI\u00d3N DEL TRATAMIENTO\u200b<\/strong><\/p>\n\n<p>El interesado tendr\u00e1 derecho a obtener del responsable de tratamiento la limitaci\u00f3n del tratamiento de los datos siempre que impugne la exactitud de los datos personales. Esto es, los datos solo podr\u00e1n ser objeto de tratamiento, con excepci\u00f3n de su conservaci\u00f3n, con el consentimiento del interesado, para el ejercicio o la defensa de reclamaciones, proteger los derechos de otra persona f\u00edsica o jur\u00eddica o por razones de inter\u00e9s p\u00fablico de la Uni\u00f3n o de un determinado Estado Miembro. Adem\u00e1s, este ser\u00e1 informado por <strong>ROSA EVA MART\u00cdN<\/strong> antes del levantamiento de dicha limitaci\u00f3n.<\/p>\n\n<p>A fin de facilitarle al usuario el ejercicio de dicho derecho le proporcionamos a trav\u00e9s del siguiente link el formulario que deber\u00e1 cumplimentar para su solicitud:<\/p>\n\n<figure class=\"wp-block-embed\"><div class=\"wp-block-embed__wrapper\">\r\nhttps:\/\/www.aepd.es\/media\/formularios\/formulario-derecho-de-limitacion.pdf\r\n<\/div><\/figure><br>\n\n<p><strong>D)-DERECHO A LA PORTABILIDAD DE LOS DATOS<\/strong><\/p>\n\n<p>El art\u00edculo 20 del Reglamento General de Protecci\u00f3n de Datos reconoce el derecho del interesado a recibir los datos personales que le incumban, esto es, se transmita directamente de responsable a responsable siempre que sea t\u00e9cnicamente posible, en un formato estructurado, de uso com\u00fan y lectura mec\u00e1nica sin que lo impida el responsable al que se los hubiera facilitado, cuando el consentimiento se haya externalizado expresamente o medie contrato.<\/p>\n\n<p>A fin de facilitarle al usuario el ejercicio de dicho derecho le proporcionamos a trav\u00e9s del siguiente link el formulario que deber\u00e1 cumplimentar para su solicitud:<\/p>\n\n<figure class=\"wp-block-embed\"><div class=\"wp-block-embed__wrapper\">\r\nhttps:\/\/www.aepd.es\/media\/formularios\/formulario-derecho-de-acceso.pdf\r\n<\/div><\/figure><br>\n\n<p><strong>E)-DERECHO DE OPOSICI\u00d3N<\/strong><\/p>\n\n<p>El art\u00edculo 21 del Reglamento General de Protecci\u00f3n de Datos reconoce el derecho del interesado a oponerse a que el Responsable lleve a cabo cualquier tratamiento de datos personales que tenga por finalidad la mercadotecnia directa. En el caso de ejercitar dicho derecho, <strong>ROSA EVA MART\u00cdN <\/strong>dejar\u00e1 de tratar los datos en cuesti\u00f3n para esa finalidad concreta.<\/p>\n\n<p>A fin de facilitarle al usuario el ejercicio de dicho derecho le proporcionamos a trav\u00e9s del siguiente link el formulario que deber\u00e1 cumplimentar para su solicitud:<\/p>\n\n<figure class=\"wp-block-embed\"><div class=\"wp-block-embed__wrapper\">\r\nhttps:\/\/www.aepd.es\/media\/formularios\/formulario-derecho-de-oposicion.pdf\r\n<\/div><\/figure><br>\n\n<p>Puede obtener m\u00e1s informaci\u00f3n acerca de cada uno de estos derechos en el siguiente enlace de la web de la AEPD: <a href=\"https:\/\/www.aepd.es\/derechos-y-deberes\/conoce-tus-derechos\">https:\/\/www.aepd.es\/derechos-y-deberes\/conoce-tus-derechos<\/a><\/p>\n\n<p><strong>IX.- MENORES DE EDAD<\/strong><\/p>\n\n<p>Los contenidos de la Web no est\u00e1n dirigidos a menores de 18 a\u00f1os, que en todo caso deber\u00e1n acudir con su tutor legal. Igualmente, y para el caso concreto de los datos que el usuario facilite, solo los usuarios que tengan 14 a\u00f1os o m\u00e1s de edad, pueden otorgar su consentimiento libre para el tratamiento de dichos datos.<\/p>\n\n<p>En todo caso, <strong>ROSA EVA MART\u00cdN<\/strong> tomar\u00e1 todas las medidas posibles para comprobar la edad de los usuarios, pero no puede hacerse responsable de cualquier incumplimiento en este sentido.<\/p>\n\n<p><strong>X.- NIVEL DE SEGURIDAD<\/strong><\/p>\n\n<p><strong>La Responsable<\/strong> implantar\u00e1 las medidas de seguridad t\u00e9cnicas y organizativas necesarias para garantizar la seguridad de los datos de car\u00e1cter personal de acuerdo con lo preceptuado en el <strong>REGLAMENTO (UE) 2016\/679 DEL PARLAMENTO EUROPEO Y DEL CONSEJO de 27 de abril de 2016 (RGPD)<\/strong>, evitando de esta forma la p\u00e9rdida, alteraci\u00f3n y acceso no autorizado a los mismos.<\/p>\n\n<p>En todo caso, y si a pesar de cumplir con todas las medidas de seguridad necesarias, la Web sufrieran una brecha de seguridad que pueda afectar a sus leg\u00edtimos intereses o derechos, <strong>ROSA EVA MART\u00cdN<\/strong> se compromete a informar en el plazo m\u00e1ximo de 72 horas a la Autoridad de Control, en este caso la Agencia Espa\u00f1ola de Protecci\u00f3n de Datos, conforme establece la normativa, y, en el plazo de tiempo m\u00e1s breve posible, a todos los usuarios que hubieran podido verse afectados.<\/p>\n\n<p>En caso de que el usuario acceda a un sitio web de terceros desde el propio servicio <strong>ROSA EVA MART\u00cdN<\/strong> no podr\u00e1 en ning\u00fan caso garantizar la seguridad de estos, por lo que queda eximido de toda responsabilidad en caso de da\u00f1o sufrido por el usuario por la utilizaci\u00f3n del sitio web o enlace de que se trate. La presente Pol\u00edtica de Privacidad se aplica exclusivamente a la Web, no aplic\u00e1ndose a cualquier otro sitio al que el usuario acceda a trav\u00e9s de enlaces ajenos al titular o por cualquier otro canal de Internet.<\/p>\n\n<p><strong>XI.- CONFIDENCIALIDAD<\/strong><\/p>\n\n<p>Los datos personales que se puedan recoger ser\u00e1n tratados con absoluta confidencialidad, comprometi\u00e9ndose <strong>la Responsable<\/strong> a guardar secreto respecto de estos y garantizando el deber de guardarlos adoptando todas las medidas necesarias que eviten su alteraci\u00f3n, p\u00e9rdida y tratamiento o acceso no autorizado, de acuerdo con lo establecido en la legislaci\u00f3n aplicable.<\/p>\n\n<p>Para ello, la <strong>Responsable<\/strong> garantiza que mantendr\u00e1 firmados los correspondientes compromisos de confidencialidad con cualesquiera personas que intervengan en cualquier fase del tratamiento de los datos personales recabados.<\/p>\n\n<p><strong>XII.- TRANSFERENCIAS INTERNACIONALES DE DATOS<\/strong><\/p>\n\n<p>Se entiende como Transferencia Internacional de Datos aquella comunicaci\u00f3n de sus datos de car\u00e1cter personal a pa\u00edses ubicados fuera de la Uni\u00f3n Europea, y m\u00e1s concretamente fuera del Espacio Econ\u00f3mico Europeo (EEE). Hay excepciones de pa\u00edses fuera de este espacio europeo que no se consideran una trasferencia internacional al ser los destinatarios pa\u00edses que la Comisi\u00f3n Europea de Protecci\u00f3n de Datos considera adecuados por cumplir con los est\u00e1ndares europeos en protecci\u00f3n de datos.<\/p>\n\n<p>En caso de que <strong>ROSA EVA MART\u00cdN<\/strong> transfiera informaci\u00f3n personal fuera del EEE, bien porque el almacenamiento de los datos se aloje en alg\u00fan servidor fuera de las fronteras del EEE, o bien por cualquier otro motivo, se asegura que se mantendr\u00e1n formadas las cl\u00e1usulas contractuales regulatorias de dicha transferencia internacional, asegur\u00e1ndose de que el proveedor que pueda alojar o tratar informaci\u00f3n de car\u00e1cter personal cumple los est\u00e1ndares m\u00ednimos de seguridad y principios recogidos en el RGPD.<\/p>\n\n<p><strong>XIII.- RESPONSABILIDAD<\/strong><\/p>\n\n<p>El usuario ser\u00e1 el \u00fanico responsable a causa de la cumplimentaci\u00f3n de los formularios con datos falsos, inexactos, incompletos o no actualizados. Por favor, inf\u00f3rmenos de cualquier cambio o error en sus datos personales tan pronto como sea posible poni\u00e9ndose en contacto con nosotros en el Punto de contacto de protecci\u00f3n de datos: eva@evasbeleaf.com.<\/p>\n\n<p>Adoptaremos las medidas necesarias para asegurarnos de que cualquier informaci\u00f3n incorrecta sobre sus datos sea eliminada o modificada.<\/p>\n\n<p><strong>XIV.- MODIFICACI\u00d3N DE LA POL\u00cdTICA DE PRIVACIDAD<\/strong><\/p>\n\n<p>Los requisitos de esta Pol\u00edtica de Privacidad complementan, y no reemplazan, cualquier otro requisito existente bajo la legislaci\u00f3n de protecci\u00f3n de datos aplicable. En caso de contradicci\u00f3n entre lo que est\u00e1 recogido en esta Pol\u00edtica y los requisitos en la normativa de protecci\u00f3n de datos aplicable, esta \u00faltima tendr\u00e1 prioridad.<\/p>\n\n<p><strong>ROSA EVA MART\u00cdN<\/strong> se reserva el derecho a modificar su Pol\u00edtica de Privacidad, de acuerdo con su propio criterio, o motivado especialmente por cambios en el Servicio, Web, o por cambios legislativos, jurisprudenciales o doctrinales de la Agencia Espa\u00f1ola de Protecci\u00f3n de Datos.<\/p>\n\n<p>Cualquier modificaci\u00f3n de la Pol\u00edtica de Privacidad ser\u00e1 publicada con al menos diez d\u00edas de antelaci\u00f3n antes de su efectiva aplicaci\u00f3n. Cuando esto ocurra, le avisaremos de cualquier cambio y le pediremos que vuelva a leer la versi\u00f3n m\u00e1s reciente de nuestra Pol\u00edtica de Privacidad y que confirme su aceptaci\u00f3n. Tambi\u00e9n puede verificar esta Pol\u00edtica peri\u00f3dicamente en este sitio Web, donde ser\u00e1 visible.<\/p>\n\n<p><\/p>\n\n<p><\/p>\n","protected":false},"excerpt":{"rendered":"<p>Le pedimos que lea con atenci\u00f3n la presente Pol\u00edtica de Privacidad, en la que se describe el uso que hacemos de los datos que usted nos facilita, de acuerdo siempre a lo exigido en el REGLAMENTO (UE) 2016\/679 DEL PARLAMENTO EUROPEO Y DEL CONSEJO de 27 de abril de 2016 (RGPD), en la ley Org\u00e1nica [&hellip;]<\/p>\n","protected":false},"author":1,"featured_media":0,"parent":0,"menu_order":0,"comment_status":"closed","ping_status":"closed","template":"","meta":{"_et_pb_use_builder":"","_et_pb_old_content":"","_et_gb_content_width":"1080","footnotes":""},"class_list":["post-901","page","type-page","status-publish","hentry"],"_links":{"self":[{"href":"https:\/\/evasbeleaf.com\/en\/wp-json\/wp\/v2\/pages\/901","targetHints":{"allow":["GET"]}}],"collection":[{"href":"https:\/\/evasbeleaf.com\/en\/wp-json\/wp\/v2\/pages"}],"about":[{"href":"https:\/\/evasbeleaf.com\/en\/wp-json\/wp\/v2\/types\/page"}],"author":[{"embeddable":true,"href":"https:\/\/evasbeleaf.com\/en\/wp-json\/wp\/v2\/users\/1"}],"replies":[{"embeddable":true,"href":"https:\/\/evasbeleaf.com\/en\/wp-json\/wp\/v2\/comments?post=901"}],"version-history":[{"count":2,"href":"https:\/\/evasbeleaf.com\/en\/wp-json\/wp\/v2\/pages\/901\/revisions"}],"predecessor-version":[{"id":980,"href":"https:\/\/evasbeleaf.com\/en\/wp-json\/wp\/v2\/pages\/901\/revisions\/980"}],"wp:attachment":[{"href":"https:\/\/evasbeleaf.com\/en\/wp-json\/wp\/v2\/media?parent=901"}],"curies":[{"name":"wp","href":"https:\/\/api.w.org\/{rel}","templated":true}]}}