{"id":897,"date":"2021-04-09T11:51:43","date_gmt":"2021-04-09T09:51:43","guid":{"rendered":"https:\/\/darkgoldenrod-crane-491270.hostingersite.com\/legal-notice\/"},"modified":"2025-08-11T12:40:10","modified_gmt":"2025-08-11T10:40:10","slug":"legal-notice","status":"publish","type":"page","link":"https:\/\/evasbeleaf.com\/en\/legal-notice\/","title":{"rendered":"Legal notice"},"content":{"rendered":"\n<p><strong>Primero.- Ley de Servicios de Sociedad de la Informaci\u00f3n<\/strong><\/p>\n\n<p>En cumplimiento de la Ley 34\/2002, de 11 de julio, de Servicios de la Sociedad de la Informaci\u00f3n y de Comercio Electr\u00f3nico, y la Directiva Europea 2000\/31\/CE se informa que el presente sitio Web pertenece a <strong>ROSA EVA MART\u00cdN (en adelante ROSA EVA MART\u00cdN)<\/strong> con 13931180B<strong>, <\/strong>y domicilio en CARTAGENA, 215, 08013 BARCELONA.<\/p>\n\n<p>A los efectos del cumplimiento de la Ley 34\/2002, de 11 de julio, de servicios de la sociedad de la informaci\u00f3n y de comercio electr\u00f3nico, en adelante LSSI, y de la normativa vigente en protecci\u00f3n de datos de car\u00e1cter personal el propietario del dominio referenciado, le informa que la finalidad de la P\u00e1gina Web es publicitaria e informativa, y, asimismo, se ofrece la posibilidad de contactar y solicitar informaci\u00f3n y presupuestos sobre los servicios de la empresa. Los datos personales que usted nos facilite quedar\u00e1n correctamente registrados en el Registro de actividades del tratamiento de <strong>ROSA EVA MART\u00cdN<\/strong> con la finalidad de poder gestionar su solicitud y mantener la relaci\u00f3n comercial.<\/p>\n\n<p>Pueden ponerse en contacto con el propietario de la p\u00e1gina en la siguiente ubicaci\u00f3n: CARTAGENA, 215, 08013 BARCELONA<\/p>\n\n<p>Tel\u00e9fono: 673 053 106<\/p>\n\n<p>E-mail: <a href=\"mailto:consultas@estheradanpsicologia.com\">eva@evasbeleaf.com<\/a><\/p>\n\n<p><strong>Segundo.- Objeto de la p\u00e1gina web<\/strong><\/p>\n\n<p>La presente p\u00e1gina tiene por objeto facilitar informaci\u00f3n sobre los servicios que ofrece la persona responsable de la web, pudiendo consultar el usuario la forma de trabajo y precios de las mismas.<\/p>\n\n<p>La p\u00e1gina web dispone de unos datos de contacto a trav\u00e9s de los cuales los usuarios pueden dirigirse para las finalidades previstas, seg\u00fan la regulaci\u00f3n de las cl\u00e1usulas del Portal.<\/p>\n\n<p>El presente aviso legal establece las condiciones de uso del portal.<\/p>\n\n<p><strong>Tercero.- Condiciones de acceso del usuario.<\/strong><strong><\/strong><\/p>\n\n<p>El usuario se obliga a usar la informaci\u00f3n contenida en el presente sitio de Internet para las finalidades propias del Portal exclusivamente, no realizando ning\u00fan tipo de explotaci\u00f3n comercial diferente a los usos autorizados.<\/p>\n\n<p>El Usuario responder\u00e1 frente a <strong>ROSA EVA MART\u00cdN<\/strong> o frente a terceros, de cualesquiera da\u00f1os y perjuicios que pudieran causarse como consecuencia del incumplimiento de dicha obligaci\u00f3n.<\/p>\n\n<p>El usuario de la p\u00e1gina web tendr\u00e1 derecho al acceso libre y gratuito a la informaci\u00f3n p\u00fablica recogida en la misma, si bien <strong>ROSA EVA MART\u00cdN<\/strong> se reserva el derecho a restringir el acceso a determinadas secciones y servicios del Portal a los usuarios registrados.<\/p>\n\n<p>El mero acceso al Portal no implica el establecimiento de ning\u00fan tipo de relaci\u00f3n comercial entre <strong>ROSA EVA MART\u00cdN<\/strong> y el usuario.<\/p>\n\n<p><strong>Cuarto. Limitaci\u00f3n de responsabilidad<\/strong>.<\/p>\n\n<p>Si bien la persona responsable del portal pone todo su empe\u00f1o en que los contenidos propios del Portal o de terceros incluidos en \u00e9ste, est\u00e9n libres de cualquier error, el titular del Portal no se responsabiliza ni asegura su veracidad, idoneidad ni de las consecuencias que se produzcan por el uso de estos.<\/p>\n\n<p>El titular del Portal no se responsabiliza por la existencia de virus, gusanos, o cualquier otro elemento equivalente, siendo el usuario el \u00fanico responsable de proveerse de los mecanismos necesarios para evitar la verificaci\u00f3n de da\u00f1os a sus equipos o sistemas de informaci\u00f3n.<\/p>\n\n<p><strong>ROSA EVA MART\u00cdN<\/strong> no asume ning\u00fan tipo de responsabilidad por raz\u00f3n de la transmisi\u00f3n, difusi\u00f3n, almacenamiento, puesta a disposici\u00f3n, recepci\u00f3n, acceso o uso del sitio web, y, en particular, por lo siguiente:<\/p>\n\n<p>a.\u00a0\u00a0\u00a0 La existencia de cualquier fallo en el acceso, que provoque una interrupci\u00f3n, o de programaci\u00f3n, relacionados con el sitio web y su funcionamiento, cualquiera que sea su origen, cualquier elemento nocivo, o la intervenci\u00f3n de un tercero, as\u00ed como: ca\u00edda del servidor, actualizaci\u00f3n y precisi\u00f3n de los datos, labores de mantenimiento, insuficiente capacidad para soportar los sistemas inform\u00e1ticos necesarios para la utilizaci\u00f3n del servicio ofrecido, etc&#8230;<\/p>\n\n<p>b.\u00a0\u00a0\u00a0 La realizaci\u00f3n de actos de competencia desleal y publicidad il\u00edcita como consecuencia de la transmisi\u00f3n, difusi\u00f3n, almacenamiento, puesta a disposici\u00f3n, recepci\u00f3n, obtenci\u00f3n de o acceso al sitio web o a sus contenidos.<br\/>La falta de veracidad, exactitud, exhaustividad, pertinencia y\/o actualidad del sitio web o de sus contenidos.<\/p>\n\n<p>c.\u00a0\u00a0\u00a0 La posible falta de adecuaci\u00f3n a finalidades o cumplimiento de expectativas que pudieran generar el sitio web o sus contenidos.<\/p>\n\n<p><strong>Quinto.- Propiedad intelectual<\/strong><\/p>\n\n<p>La informaci\u00f3n usada y desplegada en la web, incluidos el software, gr\u00e1ficos, ilustraciones, nombres, logotipos y marcas, es propiedad de\u00a0<strong>ROSA EVA MART\u00cdN<\/strong>, y est\u00e1 protegida por las Leyes Internacionales de Propiedad Intelectual e Industrial y en especial por el Real Decreto Legislativo 1\/1996, de 12 de abril.<\/p>\n\n<p>El sitio web y sus contenidos, que incluyen, entre otros, textos, im\u00e1genes, marcas, nombres comerciales, logotipos, archivos de toda clase, botones, combinaciones de colores, as\u00ed como la estructura, selecci\u00f3n, ordenaci\u00f3n y presentaci\u00f3n de sus materiales y contenidos, as\u00ed como todo el software utilizado necesariamente en relaci\u00f3n con el sitio web, pueden contener informaci\u00f3n confidencial o protegida por el derecho de la propiedad intelectual o industrial en vigor o por cualquier otra ley. De este modo, excepto si se indicara lo contrario, <strong>ROSA EVA MART\u00cdN<\/strong> es propietaria y, en su caso, leg\u00edtima poseedora de los derechos de la propiedad intelectual o industrial sobre los Contenidos del sitio web y cada uno de los elementos creados para el mismo, y no concede licencia ni derecho alguno sobre los elementos citados, salvo el de consultar el sitio web. Se proh\u00edbe expresamente cualquier tipo de reproducci\u00f3n, total o parcial, de cualquiera de los contenidos.<\/p>\n\n<p>Queda igualmente prohibido copiar, modificar, crear una obra derivada, invertir la concepci\u00f3n o la uni\u00f3n o de cualquier otra forma intentar encontrar el c\u00f3digo fuente, vender, atribuir, sublicenciar o transferir de la forma que sea todo derecho referente a los programas inform\u00e1ticos. Adem\u00e1s, est\u00e1 igualmente prohibido modificar el programa inform\u00e1tico o utilizar versiones modificadas de los programas y, sobre todo, cuando se haga para (sin que esta enumeraci\u00f3n sea limitativa) obtener un acceso no autorizado al servicio y acceder al sitio web por otro medio que el interfaz proporcionado por <strong>ROSA EVA MART\u00cdN.<\/strong><strong><\/strong><\/p>\n\n<p><strong>Sexto.-<\/strong><strong> Protecci\u00f3n de Datos<\/strong><\/p>\n\n<p>A los efectos de lo previsto en el Reglamento General de Protecci\u00f3n de Datos 2016\/679 del Parlamento Europeo y del Consejo, de 27 de abril de 2016 (RGPD) y la Ley Org\u00e1nica 3\/2018, de 5 de diciembre, de Protecci\u00f3n de Datos Personales y garant\u00eda de los derechos digitales (LOPDGDD), el usuario consiente y autoriza inequ\u00edvocamente a que los datos personales que pueda facilitar a trav\u00e9s de esta p\u00e1gina web sean incorporados a ficheros titularidad de <strong>ROSA EVA MART\u00cdN<\/strong> y tratados de conformidad con los fines establecidos en la Pol\u00edtica de Privacidad (la cual puede visitar a trav\u00e9s de este enlace), acorde a la legislaci\u00f3n vigente.\u00a0 Ud. podr\u00e1 revocar su consentimiento en cualquier momento envi\u00e1ndonos un escrito con el asunto BAJA a <a href=\"mailto:consultas@estheradanpsicologia.com\">eva@evasbeleaf.com<\/a>.<\/p>\n\n<p>Adem\u00e1s, podr\u00e1 ejercer sus derechos de acceso, rectificaci\u00f3n, supresi\u00f3n, limitaci\u00f3n del tratamiento y portabilidad enviando un correo a la Cartagena, 215, 08013 Barcelona de correo electr\u00f3nico ya mencionada. Puede obtener m\u00e1s informaci\u00f3n sobre sus derechos en materia de protecci\u00f3n de datos en nuestra Pol\u00edtica de Privacidad. Tambi\u00e9n pueden ejercitarse estos derechos en los t\u00e9rminos que la normativa aplicable establece y que puede consultar en <a href=\"http:\/\/www.agpd.es\">www.agpd.es<\/a><\/p>\n\n<p><strong>S\u00e9ptimo.- Enlaces al Portal<\/strong><strong><\/strong><\/p>\n\n<p>Est\u00e1 permitida la introducci\u00f3n de enlaces al portal, no obstante, estos han de apuntar directamente a la p\u00e1gina inicial de manera completa. Para establecer cualquier otro tipo de enlace, el interesado deber\u00e1 contar con la autorizaci\u00f3n por escrito de los administradores del Portal.<\/p>\n\n<p>Queda prohibido terminantemente, independientemente del tipo de enlace que se haga al Portal, establecer marcos, frames o cualquier otro mecanismo que permita la visualizaci\u00f3n de los contenidos a trav\u00e9s de otro sitio distinto al Portal.<\/p>\n\n<p><strong>Octavo.- Uso del sitio web<\/strong><\/p>\n\n<p>Con los l\u00edmites establecidos en la ley, el usuario asumir\u00e1 todo tipo de responsabilidad legal derivada del uso incorrecto, inapropiado o il\u00edcito de la p\u00e1gina web, como puede ser:<\/p>\n\n<p>a) usar cualquier dispositivo, software, virus, malware, o rutina para interferir o intentar interferir el buen funcionamiento del sitio,<\/p>\n\n<p>b) el uso de \u201cphishing\u201d, o suplantaci\u00f3n de la identidad de otra persona actuando en su nombre,<\/p>\n\n<p>c) el uso de la p\u00e1gina web para publicitarse a trav\u00e9s de la presencia de links, marketing on-line o cualquier otro medio que pudiera suponer el uso de publicidad fraudulenta,<\/p>\n\n<p>d) La publicaci\u00f3n de cualquier contenido que resulte amenazante o violento.<strong><\/strong><\/p>\n\n<p><strong>Noveno.- Consentimiento y Fuero<\/strong><\/p>\n\n<p>El usuario est\u00e1 de acuerdo con las condiciones descritas y asume cualquier tipo de responsabilidad legal si incumpliera los t\u00e9rminos aqu\u00ed descritos, para cualquier tipo de controversia derivada de la utilizaci\u00f3n de los servicios ofrecidos o de los contenidos propios del Portal, las partes renuncian a cualquier fuero legal expresamente, siendo el fuero competente los Tribunales y Juzgados de Madrid (Espa\u00f1a). Todo ello salvo imperativo legal o sumisi\u00f3n t\u00e1cita de alguna de las partes a otro fuero.<\/p>\n\n<p><strong>D\u00e9cimo.- Vigencia de las condiciones de uso<\/strong><\/p>\n\n<p>Las presentes condiciones de utilizaci\u00f3n del Portal tienen car\u00e1cter indefinido.<br\/>No obstante, <strong>ROSA EVA MART\u00cdN<\/strong> se reserva el derecho a modificar de manera unilateral estas condiciones cuando lo considere oportuno. Cualquier modificaci\u00f3n entrar\u00e1 en vigor en el momento en que sea publicada en la p\u00e1gina Web inicial del Portal.<\/p>\n\n<p><\/p>\n\n<p><\/p>\n","protected":false},"excerpt":{"rendered":"<p>Primero.- Ley de Servicios de Sociedad de la Informaci\u00f3n En cumplimiento de la Ley 34\/2002, de 11 de julio, de Servicios de la Sociedad de la Informaci\u00f3n y de Comercio Electr\u00f3nico, y la Directiva Europea 2000\/31\/CE se informa que el presente sitio Web pertenece a ROSA EVA MART\u00cdN (en adelante ROSA EVA MART\u00cdN) con 13931180B, [&hellip;]<\/p>\n","protected":false},"author":1,"featured_media":0,"parent":0,"menu_order":0,"comment_status":"closed","ping_status":"closed","template":"","meta":{"_et_pb_use_builder":"off","_et_pb_old_content":"","_et_gb_content_width":"","footnotes":""},"class_list":["post-897","page","type-page","status-publish","hentry"],"_links":{"self":[{"href":"https:\/\/evasbeleaf.com\/en\/wp-json\/wp\/v2\/pages\/897","targetHints":{"allow":["GET"]}}],"collection":[{"href":"https:\/\/evasbeleaf.com\/en\/wp-json\/wp\/v2\/pages"}],"about":[{"href":"https:\/\/evasbeleaf.com\/en\/wp-json\/wp\/v2\/types\/page"}],"author":[{"embeddable":true,"href":"https:\/\/evasbeleaf.com\/en\/wp-json\/wp\/v2\/users\/1"}],"replies":[{"embeddable":true,"href":"https:\/\/evasbeleaf.com\/en\/wp-json\/wp\/v2\/comments?post=897"}],"version-history":[{"count":2,"href":"https:\/\/evasbeleaf.com\/en\/wp-json\/wp\/v2\/pages\/897\/revisions"}],"predecessor-version":[{"id":978,"href":"https:\/\/evasbeleaf.com\/en\/wp-json\/wp\/v2\/pages\/897\/revisions\/978"}],"wp:attachment":[{"href":"https:\/\/evasbeleaf.com\/en\/wp-json\/wp\/v2\/media?parent=897"}],"curies":[{"name":"wp","href":"https:\/\/api.w.org\/{rel}","templated":true}]}}